{"id":3006,"date":"2023-10-27T06:56:37","date_gmt":"2023-10-27T06:56:37","guid":{"rendered":"https:\/\/demos-prague.foxthemes.me\/elementor\/?page_id=3006"},"modified":"2024-03-12T09:28:17","modified_gmt":"2024-03-12T09:28:17","slug":"main-home","status":"publish","type":"page","link":"https:\/\/maxjanson.com\/index.php\/main-home\/","title":{"rendered":"O Nama"},"content":{"rendered":"\t\t<div data-elementor-type=\"wp-page\" data-elementor-id=\"3006\" class=\"elementor elementor-3006\">\n\t\t\t\t<div class=\"elementor-element elementor-element-4f9c511 e-con-full e-flex e-con e-parent\" data-id=\"4f9c511\" data-element_type=\"container\" data-settings=\"{&quot;background_background&quot;:&quot;classic&quot;}\" data-core-v316-plus=\"true\">\n\t\t\t\t<div class=\"elementor-element elementor-element-10cc51e elementor-widget elementor-widget-banner-title\" data-id=\"10cc51e\" data-element_type=\"widget\" data-widget_type=\"banner-title.default\">\n\t\t\t\t<div class=\"elementor-widget-container\">\n\t\t\t\t\t<section class=\"container-fluid top-banner no-padd  big fullheight light\">\t\t\t\t<span class=\"overlay\"><\/span>\r\n\t\t\t\t\t\t<div class=\"content\">\r\n\t\t\t\t<div class=\"prague-svg-animation-text\">\r\n\t\t\t\t\t\t\t\t\t<\/div>\r\n\t\t\t\t\t\t\t\t<h1 class=\"title\">O Nama<\/h1>\t\t\t\t<div class=\"description\"><p><h4><span style=\"font-family: 'Tenor Sans';font-weight: bold;font-size: 19px;color: white\">Spajamo tradicionalnu ve\u0161tinu izrade parketa sa inovacijama u tehnologiji.\nRezultat je spoj elegancije starih vremena i modernih performansi, \u010dine\u0107i Max Janson parkete i zidne panele jedinstvenim i dugotrajnim.<\/span><\/h4><\/p><\/div>\t\t\t\t\t\t\t<\/div>\r\n\t\t\t<div class=\"top-banner-cursor\"><\/div>\r\n\t\t<\/section>\r\n\t\t\t\t<\/div>\n\t\t\t\t<\/div>\n\t\t\t\t<\/div>\n\t\t<div class=\"elementor-element elementor-element-611a8dd7 e-flex e-con-boxed e-con e-parent\" data-id=\"611a8dd7\" data-element_type=\"container\" data-core-v316-plus=\"true\">\n\t\t\t\t\t<div class=\"e-con-inner\">\n\t\t\t\t<div class=\"elementor-element elementor-element-20651fe8 elementor-widget__width-initial elementor-widget elementor-widget-counters-widget\" data-id=\"20651fe8\" data-element_type=\"widget\" data-widget_type=\"counters-widget.default\">\n\t\t\t\t<div class=\"elementor-widget-container\">\n\t\t\t\t\t\t\t<div class=\"prague-counter  alone_item no-figure\">\r\n\r\n          <div class=\"figures none\">\r\n             <!-- triangle -->\r\n                          <svg xmlns=\"http:\/\/www.w3.org\/2000\/svg\" viewBox=\"0 0 200 200\"\r\n                preserveAspectRatio=\"xMidYMid meet\" >\r\n                                      <polygon points=\"\"  \/>\r\n                               <\/svg>\r\n                       <\/div>\r\n\r\n            <div class=\"counter-outer\"  style=\"padding:1px;\">\r\n\r\n\t\t\t\t<img decoding=\"async\" src=\"https:\/\/maxjanson.com\/wp-content\/uploads\/2024\/02\/15.jpg\" class=\"prague-counter-img s-img-switch\" alt=\"\" \/>          \r\n                                          <div class=\"numbers\">\r\n                                        <svg>\r\n                        <defs>\r\n                          <mask id=\"coming_mask_0\" x=\"0\" y=\"0\">\r\n                            <rect class=\"coming-alpha\" x=\"0\" y=\"0\" width=\"100%\" height=\"100%\"><\/rect>\r\n                                                        <text class=\"count number\" x=\"50%\" y=\"45%\" text-anchor=\"middle\" alignment-baseline=\"middle\">10<\/text>\r\n                                                                                    <text class=\"count title\" x=\"50%\" y=\"70%\" text-anchor=\"middle\" alignment-baseline=\"middle\" >YEARS OF EXPERIENCE<\/text>\r\n                                                      <\/mask>\r\n                        <\/defs>\r\n                        <rect style=\"-webkit-mask: url(#coming_mask_0); mask: url(#coming_mask_0);\" class=\"base\" x=\"0\" y=\"0\" width=\"100%\" height=\"100%\"><\/rect>\r\n                      <\/svg>\r\n                      \r\n                  \r\n                                <\/div>\r\n              \r\n            <\/div>\r\n        <\/div>\r\n\t\t\t\t\t<\/div>\n\t\t\t\t<\/div>\n\t\t\t\t<div class=\"elementor-element elementor-element-142cf12b elementor-widget__width-initial elementor-widget elementor-widget-headings-widget\" data-id=\"142cf12b\" data-element_type=\"widget\" data-widget_type=\"headings-widget.default\">\n\t\t\t\t<div class=\"elementor-widget-container\">\n\t\t\t            <div class=\"heading  left dark \">\r\n\t\t\t\t\r\n\t\t\t\t                                    <h1 class=\"title s\"><br>Tradicija i Inovacija<\/h1>\r\n                \t\t\t\t                <div class=\"content \">\r\n                    <p><span style=\"font-family: 'Tenor Sans';font-weight: bold;font-size: 15px;color: black\">U Max Janson-u se bavimo proizvodnjom i distribucijom vrhunskih drvenih podova i zidnih obloga. Na\u0161 asortiman obuhvata \u0161irok spektar proizvoda prilago\u0111enih razli\u010ditim stilovima i potrebama.Verujemo da svaki dom zaslu\u017euje dodir prirodne lepote drva.\nNa\u0161i parketi ne samo da pru\u017eaju toplinu i udobnost, ve\u0107 i unapre\u0111uju estetiku prostora, stvaraju\u0107i ambijent koji odi\u0161e prirodnim \u0161armom.\n\nNa\u0161a posve\u0107enost kvalitetu odra\u017eava se u pa\u017eljivom odabiru najkvalitetnijih drvenih materijala i preciznosti u proizvodnji. Tako\u0111e, pridajemo veliku va\u017enost odr\u017eivosti, koriste\u0107i materijale iz odgovornih izvora kako bismo sa\u010duvali prirodu za budu\u0107e generacije.<\/span><\/p><\/div>\r\n\t\t\t\t\r\n            <\/div>\r\n\t\t\t\t\t<\/div>\n\t\t\t\t<\/div>\n\t\t\t\t\t<\/div>\n\t\t\t\t<\/div>\n\t\t<div class=\"elementor-element elementor-element-c777a61 e-con-full e-flex e-con e-parent\" data-id=\"c777a61\" data-element_type=\"container\" data-core-v316-plus=\"true\">\n\t\t\t\t<div class=\"elementor-element elementor-element-f048bf1 elementor-widget elementor-widget-heading\" data-id=\"f048bf1\" data-element_type=\"widget\" data-widget_type=\"heading.default\">\n\t\t\t\t<div class=\"elementor-widget-container\">\n\t\t\t<style>\/*! elementor - v3.20.0 - 26-03-2024 *\/\n.elementor-heading-title{padding:0;margin:0;line-height:1}.elementor-widget-heading .elementor-heading-title[class*=elementor-size-]>a{color:inherit;font-size:inherit;line-height:inherit}.elementor-widget-heading .elementor-heading-title.elementor-size-small{font-size:15px}.elementor-widget-heading .elementor-heading-title.elementor-size-medium{font-size:19px}.elementor-widget-heading .elementor-heading-title.elementor-size-large{font-size:29px}.elementor-widget-heading .elementor-heading-title.elementor-size-xl{font-size:39px}.elementor-widget-heading .elementor-heading-title.elementor-size-xxl{font-size:59px}<\/style><span class=\"elementor-heading-title elementor-size-default\">MAX JANSON PARKETI<\/span>\t\t<\/div>\n\t\t\t\t<\/div>\n\t\t\t\t<\/div>\n\t\t<div class=\"elementor-element elementor-element-b3d15f7 e-con-full e-flex e-con e-parent\" data-id=\"b3d15f7\" data-element_type=\"container\" data-core-v316-plus=\"true\">\n\t\t\t\t<div class=\"elementor-element elementor-element-eab3d5d elementor-widget__width-inherit elementor-widget elementor-widget-headings-widget\" data-id=\"eab3d5d\" data-element_type=\"widget\" data-widget_type=\"headings-widget.default\">\n\t\t\t\t<div class=\"elementor-widget-container\">\n\t\t\t            <div class=\"heading  left dark \">\r\n\t\t\t\t\r\n\t\t\t\t                \t\t\t\t                <div class=\"content \">\r\n                    <p><p><strong><span style=\"font-family: 'Tenor Sans';font-weight: bold;font-size: 19px\">Dobrodo\u0161li u svet Max Janson parketa, gde se susre\u0107u prirodna lepota drva, vrhunski kvalitet i sofisticirani dizajn. Na\u0161a kolekcija parketa predstavlja spoj tradicionalne izrade sa modernim inovacijama, stvaraju\u0107i podove koji ne samo da oplemenjuju prostor, ve\u0107 i postavljaju standarde elegancije.<br \/>Svaki Max Janson parket izra\u0111en je pa\u017eljivo biranim drvenim materijalima visokog kvaliteta. Od jasena do oraha i tradicionalnih hrastovih dasaka, na\u0161a paleta materijala pru\u017ea raznolikost koja zadovoljava razli\u010dite ukuse i stilove.<\/span><\/strong><\/p><p>\u00a0<\/p><\/p><\/div>\r\n\t\t\t\t\r\n            <\/div>\r\n\t\t\t\t\t<\/div>\n\t\t\t\t<\/div>\n\t\t\t\t<div class=\"elementor-element elementor-element-06c3bd9 elementor-widget elementor-widget-image\" data-id=\"06c3bd9\" data-element_type=\"widget\" data-widget_type=\"image.default\">\n\t\t\t\t<div class=\"elementor-widget-container\">\n\t\t\t<style>\/*! elementor - v3.20.0 - 26-03-2024 *\/\n.elementor-widget-image{text-align:center}.elementor-widget-image a{display:inline-block}.elementor-widget-image a img[src$=\".svg\"]{width:48px}.elementor-widget-image img{vertical-align:middle;display:inline-block}<\/style>\t\t\t\t\t\t\t\t\t\t<img fetchpriority=\"high\" decoding=\"async\" width=\"2560\" height=\"1707\" src=\"https:\/\/maxjanson.com\/wp-content\/uploads\/2024\/02\/Onama1-scaled.jpg\" class=\"attachment-full size-full wp-image-5440\" alt=\"\" srcset=\"https:\/\/maxjanson.com\/wp-content\/uploads\/2024\/02\/Onama1-scaled.jpg 2560w, https:\/\/maxjanson.com\/wp-content\/uploads\/2024\/02\/Onama1-600x400.jpg 600w, https:\/\/maxjanson.com\/wp-content\/uploads\/2024\/02\/Onama1-300x200.jpg 300w, https:\/\/maxjanson.com\/wp-content\/uploads\/2024\/02\/Onama1-1024x683.jpg 1024w, https:\/\/maxjanson.com\/wp-content\/uploads\/2024\/02\/Onama1-768x512.jpg 768w, https:\/\/maxjanson.com\/wp-content\/uploads\/2024\/02\/Onama1-1536x1024.jpg 1536w, https:\/\/maxjanson.com\/wp-content\/uploads\/2024\/02\/Onama1-2048x1365.jpg 2048w, https:\/\/maxjanson.com\/wp-content\/uploads\/2024\/02\/Onama1-500x333.jpg 500w\" sizes=\"(max-width: 2560px) 100vw, 2560px\" \/>\t\t\t\t\t\t\t\t\t\t\t\t\t<\/div>\n\t\t\t\t<\/div>\n\t\t\t\t<\/div>\n\t\t<div class=\"elementor-element elementor-element-eec6fe5 e-con-full e-flex e-con e-parent\" data-id=\"eec6fe5\" data-element_type=\"container\" data-core-v316-plus=\"true\">\n\t\t\t\t<div class=\"elementor-element elementor-element-bc8c4bf elementor-widget elementor-widget-image\" data-id=\"bc8c4bf\" data-element_type=\"widget\" data-widget_type=\"image.default\">\n\t\t\t\t<div class=\"elementor-widget-container\">\n\t\t\t\t\t\t\t\t\t\t\t\t\t<img decoding=\"async\" width=\"2396\" height=\"1484\" src=\"https:\/\/maxjanson.com\/wp-content\/uploads\/2024\/02\/Onama2.jpg\" class=\"attachment-full size-full wp-image-5441\" alt=\"\" srcset=\"https:\/\/maxjanson.com\/wp-content\/uploads\/2024\/02\/Onama2.jpg 2396w, https:\/\/maxjanson.com\/wp-content\/uploads\/2024\/02\/Onama2-600x372.jpg 600w, https:\/\/maxjanson.com\/wp-content\/uploads\/2024\/02\/Onama2-300x186.jpg 300w, https:\/\/maxjanson.com\/wp-content\/uploads\/2024\/02\/Onama2-1024x634.jpg 1024w, https:\/\/maxjanson.com\/wp-content\/uploads\/2024\/02\/Onama2-768x476.jpg 768w, https:\/\/maxjanson.com\/wp-content\/uploads\/2024\/02\/Onama2-1536x951.jpg 1536w, https:\/\/maxjanson.com\/wp-content\/uploads\/2024\/02\/Onama2-2048x1268.jpg 2048w, https:\/\/maxjanson.com\/wp-content\/uploads\/2024\/02\/Onama2-500x310.jpg 500w\" sizes=\"(max-width: 2396px) 100vw, 2396px\" \/>\t\t\t\t\t\t\t\t\t\t\t\t\t<\/div>\n\t\t\t\t<\/div>\n\t\t\t\t<div class=\"elementor-element elementor-element-8ee39eb elementor-widget elementor-widget-heading\" data-id=\"8ee39eb\" data-element_type=\"widget\" data-widget_type=\"heading.default\">\n\t\t\t\t<div class=\"elementor-widget-container\">\n\t\t\t<span class=\"elementor-heading-title elementor-size-default\">MAX JANSON PANELI I ZIDNE OBLOGE<\/span>\t\t<\/div>\n\t\t\t\t<\/div>\n\t\t\t\t<div class=\"elementor-element elementor-element-02845df elementor-widget__width-inherit elementor-widget elementor-widget-headings-widget\" data-id=\"02845df\" data-element_type=\"widget\" data-widget_type=\"headings-widget.default\">\n\t\t\t\t<div class=\"elementor-widget-container\">\n\t\t\t            <div class=\"heading  left dark \">\r\n\t\t\t\t\r\n\t\t\t\t                \t\t\t\t                <div class=\"content \">\r\n                    <p><strong><span style=\"font-family: 'Tenor Sans';font-weight: bold;font-size: 19px\">Na\u0161a kolekcija letvica predstavlja spoj elegancije i preciznosti u izradi. Svaka letvica pa\u017eljivo je oblikovana kako bi pru\u017eila prostoru sofisticirani i detaljan izgled. Bez obzira da li birate klasi\u010dne, dekorativne ili moderne letvice.Max Janson letvice i zidne obloge prilago\u0111ene su razli\u010ditim prostorima i potrebama.\nUkoliko \u017eelite da unapredite dnevnu sobu, kancelariju ili javni prostor, na\u0161a kolekcija nudi re\u0161enja koja odgovaraju svakom okru\u017eenju.\nPostignite harmoniju izme\u0111u stila, funkcionalnosti i kvaliteta, \u010dine\u0107i svaki prostor jedinstvenim i nezaboravnim.\n\n\n<\/span><\/strong><\/p><\/div>\r\n\t\t\t\t\r\n            <\/div>\r\n\t\t\t\t\t<\/div>\n\t\t\t\t<\/div>\n\t\t\t\t<\/div>\n\t\t<div class=\"elementor-element elementor-element-ffde9ff e-con-full e-flex e-con e-parent\" data-id=\"ffde9ff\" data-element_type=\"container\" data-core-v316-plus=\"true\">\n\t\t\t\t<div class=\"elementor-element elementor-element-56be0b2 elementor-widget elementor-widget-image\" data-id=\"56be0b2\" data-element_type=\"widget\" data-widget_type=\"image.default\">\n\t\t\t\t<div class=\"elementor-widget-container\">\n\t\t\t\t\t\t\t\t\t\t\t\t\t<img decoding=\"async\" width=\"1920\" height=\"1080\" src=\"https:\/\/maxjanson.com\/wp-content\/uploads\/2024\/02\/13.jpg\" class=\"attachment-full size-full wp-image-5336\" alt=\"\" srcset=\"https:\/\/maxjanson.com\/wp-content\/uploads\/2024\/02\/13.jpg 1920w, https:\/\/maxjanson.com\/wp-content\/uploads\/2024\/02\/13-600x338.jpg 600w, https:\/\/maxjanson.com\/wp-content\/uploads\/2024\/02\/13-300x169.jpg 300w, https:\/\/maxjanson.com\/wp-content\/uploads\/2024\/02\/13-1024x576.jpg 1024w, https:\/\/maxjanson.com\/wp-content\/uploads\/2024\/02\/13-768x432.jpg 768w, https:\/\/maxjanson.com\/wp-content\/uploads\/2024\/02\/13-1536x864.jpg 1536w, https:\/\/maxjanson.com\/wp-content\/uploads\/2024\/02\/13-500x281.jpg 500w\" sizes=\"(max-width: 1920px) 100vw, 1920px\" \/>\t\t\t\t\t\t\t\t\t\t\t\t\t<\/div>\n\t\t\t\t<\/div>\n\t\t\t\t<div class=\"elementor-element elementor-element-b73a9b1 elementor-widget elementor-widget-image\" data-id=\"b73a9b1\" data-element_type=\"widget\" data-widget_type=\"image.default\">\n\t\t\t\t<div class=\"elementor-widget-container\">\n\t\t\t\t\t\t\t\t\t\t\t\t\t<img loading=\"lazy\" decoding=\"async\" width=\"2000\" height=\"1400\" src=\"https:\/\/maxjanson.com\/wp-content\/uploads\/2024\/03\/Untitled-1-min.jpg\" class=\"attachment-full size-full wp-image-5834\" alt=\"\" srcset=\"https:\/\/maxjanson.com\/wp-content\/uploads\/2024\/03\/Untitled-1-min.jpg 2000w, https:\/\/maxjanson.com\/wp-content\/uploads\/2024\/03\/Untitled-1-min-600x420.jpg 600w, https:\/\/maxjanson.com\/wp-content\/uploads\/2024\/03\/Untitled-1-min-300x210.jpg 300w, https:\/\/maxjanson.com\/wp-content\/uploads\/2024\/03\/Untitled-1-min-1024x717.jpg 1024w, https:\/\/maxjanson.com\/wp-content\/uploads\/2024\/03\/Untitled-1-min-768x538.jpg 768w, https:\/\/maxjanson.com\/wp-content\/uploads\/2024\/03\/Untitled-1-min-1536x1075.jpg 1536w, https:\/\/maxjanson.com\/wp-content\/uploads\/2024\/03\/Untitled-1-min-500x350.jpg 500w\" sizes=\"(max-width: 2000px) 100vw, 2000px\" \/>\t\t\t\t\t\t\t\t\t\t\t\t\t<\/div>\n\t\t\t\t<\/div>\n\t\t\t\t<\/div>\n\t\t\t\t<\/div>\n\t\t","protected":false},"excerpt":{"rendered":"<p>MAX JANSON PARKETI MAX JANSON PANELI I ZIDNE OBLOGE<\/p>\n","protected":false},"author":1,"featured_media":0,"parent":0,"menu_order":0,"comment_status":"closed","ping_status":"closed","template":"elementor_header_footer","meta":{"footnotes":""},"class_list":["post-3006","page","type-page","status-publish","hentry"],"_links":{"self":[{"href":"https:\/\/maxjanson.com\/index.php\/wp-json\/wp\/v2\/pages\/3006","targetHints":{"allow":["GET"]}}],"collection":[{"href":"https:\/\/maxjanson.com\/index.php\/wp-json\/wp\/v2\/pages"}],"about":[{"href":"https:\/\/maxjanson.com\/index.php\/wp-json\/wp\/v2\/types\/page"}],"author":[{"embeddable":true,"href":"https:\/\/maxjanson.com\/index.php\/wp-json\/wp\/v2\/users\/1"}],"replies":[{"embeddable":true,"href":"https:\/\/maxjanson.com\/index.php\/wp-json\/wp\/v2\/comments?post=3006"}],"version-history":[{"count":144,"href":"https:\/\/maxjanson.com\/index.php\/wp-json\/wp\/v2\/pages\/3006\/revisions"}],"predecessor-version":[{"id":5913,"href":"https:\/\/maxjanson.com\/index.php\/wp-json\/wp\/v2\/pages\/3006\/revisions\/5913"}],"wp:attachment":[{"href":"https:\/\/maxjanson.com\/index.php\/wp-json\/wp\/v2\/media?parent=3006"}],"curies":[{"name":"wp","href":"https:\/\/api.w.org\/{rel}","templated":true}]}}